{"id":13,"date":"2017-08-01T12:13:17","date_gmt":"2017-08-01T12:13:17","guid":{"rendered":"https:\/\/websitedemos.net\/law-free\/?page_id=11"},"modified":"2024-09-22T12:47:56","modified_gmt":"2024-09-22T12:47:56","slug":"hinnasto","status":"publish","type":"page","link":"https:\/\/www.lauraoivanen.fi\/index.php\/hinnasto\/","title":{"rendered":"Hinnasto"},"content":{"rendered":"\t\t<div data-elementor-type=\"wp-post\" data-elementor-id=\"13\" class=\"elementor elementor-13\">\n\t\t\t\t\t\t<section class=\"elementor-section elementor-top-section elementor-element elementor-element-6c3bb32 elementor-section-boxed elementor-section-height-default elementor-section-height-default\" data-id=\"6c3bb32\" data-element_type=\"section\">\n\t\t\t\t\t\t<div class=\"elementor-container elementor-column-gap-default\">\n\t\t\t\t\t<div class=\"elementor-column elementor-col-100 elementor-top-column elementor-element elementor-element-73544c3\" data-id=\"73544c3\" data-element_type=\"column\">\n\t\t\t<div class=\"elementor-widget-wrap elementor-element-populated\">\n\t\t\t\t\t\t<div class=\"elementor-element elementor-element-13834b5 elementor-widget elementor-widget-text-editor\" data-id=\"13834b5\" data-element_type=\"widget\" data-widget_type=\"text-editor.default\">\n\t\t\t\t<div class=\"elementor-widget-container\">\n\t\t\t\t\t\t\t\t\t<p class=\"western\"><strong><span style=\"font-size: medium;\">Hinnasto<\/span><\/strong><\/p><p class=\"western\"><strong>Hinnat yksityishenkil\u00f6ille<\/strong><\/p><p class=\"western\">Tuntiveloitus yksityishenkil\u00f6ille on 250 euroa lis\u00e4ttyn\u00e4 25,5 %:n suuruisella arvonlis\u00e4verolla eli yhteens\u00e4 313,75 euroa.<\/p><p class=\"western\">Hintaesimerkkej\u00e4: Avioehtosopimuksen laatimisesta veloitan v\u00e4hint\u00e4\u00e4n 360 euroa (sis. alv 25,5 %) ja testamentin laatimisesta v\u00e4hint\u00e4\u00e4n 410 euroa (sis. alv 25,5 %).<\/p><p class=\"western\"><b>Hinnat yrityksille<\/b><\/p><p class=\"western\">Tuntiveloitus yrityksille toimeksiannosta riippuen on 250 &#8211; 310 euroa lis\u00e4ttyn\u00e4 25,5 %:n suuruisella arvonlis\u00e4verolla eli yhteens\u00e4 313,75 &#8211; 389,05 euroa.<\/p><p class=\"western\">_______________________<\/p><p class=\"western\">Tuntilaskutus ei sis\u00e4ll\u00e4 mm. matkakuluja, tavanomaista suurempia tulostus- ja kopiointikuluja eik\u00e4 viranomaisten perimi\u00e4 maksuja. Toimeksiannon hoitaminen saattaa edellytt\u00e4\u00e4 laskuennakkoa.<\/p><p class=\"western\"><b>Oikeusturvavakuutus<\/b><\/p><p class=\"western\">Mik\u00e4li sinulla tai yrityksell\u00e4si on oikeusturvavakuutus, se korvaa yleens\u00e4 riita-asiassa ja rikosasioissa asianomistajan asemassa olevan oikeudenk\u00e4ynti- ja asianajokulut. Selvit\u00e4n tarvittaessa oikeusturvavakuutuksen olemassaolon ja kattavuuden sek\u00e4 haen oikeusturvaetua koskevan p\u00e4\u00e4t\u00f6ksen vakuutusyhti\u00f6st\u00e4si.<\/p><p class=\"western\"><b>Oikeusapu<\/b><\/p><p class=\"western\">Pieni- ja keskituloisella yksityishenkil\u00f6ll\u00e4 on mahdollisuus saada oikeudenk\u00e4yntiasiansa hoitamiseen valtion varoista ns. oikeusapua. Oikeusapu my\u00f6nnet\u00e4\u00e4n tulojen, menojen ja elatusvelvollisuuden perusteella.\u00a0 N\u00e4iden perusteella m\u00e4\u00e4r\u00e4ytyy, saatko oikeusapua ilmaiseksi vai omavastuuosuutta vastaan. Selvit\u00e4n tarvittaessa mahdollisuutesi saada oikeusapua ja haen oikeusapua koskevan p\u00e4\u00e4t\u00f6ksen puolestasi.<\/p>\t\t\t\t\t\t\t\t<\/div>\n\t\t\t\t<\/div>\n\t\t\t\t\t<\/div>\n\t\t<\/div>\n\t\t\t\t\t<\/div>\n\t\t<\/section>\n\t\t\t\t<\/div>\n\t\t","protected":false},"excerpt":{"rendered":"<p>Hinnasto Hinnat yksityishenkil\u00f6ille Tuntiveloitus yksityishenkil\u00f6ille on 250 euroa lis\u00e4ttyn\u00e4 25,5 %:n suuruisella arvonlis\u00e4verolla eli yhteens\u00e4 313,75 euroa. Hintaesimerkkej\u00e4: Avioehtosopimuksen laatimisesta veloitan v\u00e4hint\u00e4\u00e4n 360 euroa (sis. alv 25,5 %) ja testamentin laatimisesta v\u00e4hint\u00e4\u00e4n 410 euroa (sis. alv 25,5 %). Hinnat yrityksille Tuntiveloitus yrityksille toimeksiannosta riippuen on 250 &#8211; 310 euroa lis\u00e4ttyn\u00e4 25,5 %:n suuruisella arvonlis\u00e4verolla eli [&hellip;]<\/p>\n","protected":false},"author":1,"featured_media":0,"parent":0,"menu_order":0,"comment_status":"closed","ping_status":"closed","template":"","meta":{"_uag_custom_page_level_css":"","site-sidebar-layout":"no-sidebar","site-content-layout":"page-builder","ast-site-content-layout":"default","site-content-style":"default","site-sidebar-style":"default","ast-global-header-display":"","ast-banner-title-visibility":"","ast-main-header-display":"","ast-hfb-above-header-display":"","ast-hfb-below-header-display":"","ast-hfb-mobile-header-display":"","site-post-title":"disabled","ast-breadcrumbs-content":"","ast-featured-img":"","footer-sml-layout":"","ast-disable-related-posts":"","theme-transparent-header-meta":"default","adv-header-id-meta":"","stick-header-meta":"","header-above-stick-meta":"","header-main-stick-meta":"","header-below-stick-meta":"","astra-migrate-meta-layouts":"default","ast-page-background-enabled":"default","ast-page-background-meta":{"desktop":{"background-color":"","background-image":"","background-repeat":"repeat","background-position":"center center","background-size":"auto","background-attachment":"scroll","background-type":"","background-media":"","overlay-type":"","overlay-color":"","overlay-opacity":"","overlay-gradient":""},"tablet":{"background-color":"","background-image":"","background-repeat":"repeat","background-position":"center center","background-size":"auto","background-attachment":"scroll","background-type":"","background-media":"","overlay-type":"","overlay-color":"","overlay-opacity":"","overlay-gradient":""},"mobile":{"background-color":"","background-image":"","background-repeat":"repeat","background-position":"center center","background-size":"auto","background-attachment":"scroll","background-type":"","background-media":"","overlay-type":"","overlay-color":"","overlay-opacity":"","overlay-gradient":""}},"ast-content-background-meta":{"desktop":{"background-color":"var(--ast-global-color-5)","background-image":"","background-repeat":"repeat","background-position":"center center","background-size":"auto","background-attachment":"scroll","background-type":"","background-media":"","overlay-type":"","overlay-color":"","overlay-opacity":"","overlay-gradient":""},"tablet":{"background-color":"var(--ast-global-color-5)","background-image":"","background-repeat":"repeat","background-position":"center center","background-size":"auto","background-attachment":"scroll","background-type":"","background-media":"","overlay-type":"","overlay-color":"","overlay-opacity":"","overlay-gradient":""},"mobile":{"background-color":"var(--ast-global-color-5)","background-image":"","background-repeat":"repeat","background-position":"center center","background-size":"auto","background-attachment":"scroll","background-type":"","background-media":"","overlay-type":"","overlay-color":"","overlay-opacity":"","overlay-gradient":""}},"footnotes":""},"class_list":["post-13","page","type-page","status-publish","hentry"],"yoast_head":"<!-- This site is optimized with the Yoast SEO plugin v26.6 - https:\/\/yoast.com\/wordpress\/plugins\/seo\/ -->\n<title>Hinnasto | Asianajotoimisto Laura Oivanen<\/title>\n<meta name=\"description\" content=\"Laskutus perustuu p\u00e4\u00e4s\u00e4\u00e4nt\u00f6isesti toimeksiannon hoitamiseen k\u00e4ytettyyn aikaan. Selvit\u00e4n Sinun tai yrityksesi oikeusturvavakuutuksen olemassaolon ja kattavuuden. Selvit\u00e4n my\u00f6s mahdollisuutesi saada oikeusapua.\" \/>\n<meta name=\"robots\" content=\"index, follow, max-snippet:-1, max-image-preview:large, max-video-preview:-1\" \/>\n<link rel=\"canonical\" href=\"https:\/\/www.lauraoivanen.fi\/index.php\/hinnasto\/\" \/>\n<meta property=\"og:locale\" content=\"fi_FI\" \/>\n<meta property=\"og:type\" content=\"article\" \/>\n<meta property=\"og:title\" content=\"Hinnasto | Asianajotoimisto Laura Oivanen\" \/>\n<meta property=\"og:description\" content=\"Laskutus perustuu p\u00e4\u00e4s\u00e4\u00e4nt\u00f6isesti toimeksiannon hoitamiseen k\u00e4ytettyyn aikaan. Selvit\u00e4n Sinun tai yrityksesi oikeusturvavakuutuksen olemassaolon ja kattavuuden. Selvit\u00e4n my\u00f6s mahdollisuutesi saada oikeusapua.\" \/>\n<meta property=\"og:url\" content=\"https:\/\/www.lauraoivanen.fi\/index.php\/hinnasto\/\" \/>\n<meta property=\"og:site_name\" content=\"Asianajotoimisto Laura Oivanen\" \/>\n<meta property=\"article:publisher\" content=\"https:\/\/www.facebook.com\/Asianajotoimisto-Laura-Oivanen-110140360496998\/\" \/>\n<meta property=\"article:modified_time\" content=\"2024-09-22T12:47:56+00:00\" \/>\n<meta name=\"twitter:card\" content=\"summary_large_image\" \/>\n<meta name=\"twitter:label1\" content=\"Arvioitu lukuaika\" \/>\n\t<meta name=\"twitter:data1\" content=\"1 minuutti\" \/>\n<script type=\"application\/ld+json\" class=\"yoast-schema-graph\">{\"@context\":\"https:\/\/schema.org\",\"@graph\":[{\"@type\":\"WebPage\",\"@id\":\"https:\/\/www.lauraoivanen.fi\/index.php\/hinnasto\/\",\"url\":\"https:\/\/www.lauraoivanen.fi\/index.php\/hinnasto\/\",\"name\":\"Hinnasto | Asianajotoimisto Laura Oivanen\",\"isPartOf\":{\"@id\":\"https:\/\/www.lauraoivanen.fi\/#website\"},\"datePublished\":\"2017-08-01T12:13:17+00:00\",\"dateModified\":\"2024-09-22T12:47:56+00:00\",\"description\":\"Laskutus perustuu p\u00e4\u00e4s\u00e4\u00e4nt\u00f6isesti toimeksiannon hoitamiseen k\u00e4ytettyyn aikaan. Selvit\u00e4n Sinun tai yrityksesi oikeusturvavakuutuksen olemassaolon ja kattavuuden. Selvit\u00e4n my\u00f6s mahdollisuutesi saada oikeusapua.\",\"breadcrumb\":{\"@id\":\"https:\/\/www.lauraoivanen.fi\/index.php\/hinnasto\/#breadcrumb\"},\"inLanguage\":\"fi\",\"potentialAction\":[{\"@type\":\"ReadAction\",\"target\":[\"https:\/\/www.lauraoivanen.fi\/index.php\/hinnasto\/\"]}]},{\"@type\":\"BreadcrumbList\",\"@id\":\"https:\/\/www.lauraoivanen.fi\/index.php\/hinnasto\/#breadcrumb\",\"itemListElement\":[{\"@type\":\"ListItem\",\"position\":1,\"name\":\"Home\",\"item\":\"https:\/\/www.lauraoivanen.fi\/\"},{\"@type\":\"ListItem\",\"position\":2,\"name\":\"Hinnasto\"}]},{\"@type\":\"WebSite\",\"@id\":\"https:\/\/www.lauraoivanen.fi\/#website\",\"url\":\"https:\/\/www.lauraoivanen.fi\/\",\"name\":\"Asianajotoimisto Laura Oivanen\",\"description\":\"\",\"potentialAction\":[{\"@type\":\"SearchAction\",\"target\":{\"@type\":\"EntryPoint\",\"urlTemplate\":\"https:\/\/www.lauraoivanen.fi\/?s={search_term_string}\"},\"query-input\":{\"@type\":\"PropertyValueSpecification\",\"valueRequired\":true,\"valueName\":\"search_term_string\"}}],\"inLanguage\":\"fi\"}]}<\/script>\n<!-- \/ Yoast SEO plugin. -->","yoast_head_json":{"title":"Hinnasto | Asianajotoimisto Laura Oivanen","description":"Laskutus perustuu p\u00e4\u00e4s\u00e4\u00e4nt\u00f6isesti toimeksiannon hoitamiseen k\u00e4ytettyyn aikaan. Selvit\u00e4n Sinun tai yrityksesi oikeusturvavakuutuksen olemassaolon ja kattavuuden. Selvit\u00e4n my\u00f6s mahdollisuutesi saada oikeusapua.","robots":{"index":"index","follow":"follow","max-snippet":"max-snippet:-1","max-image-preview":"max-image-preview:large","max-video-preview":"max-video-preview:-1"},"canonical":"https:\/\/www.lauraoivanen.fi\/index.php\/hinnasto\/","og_locale":"fi_FI","og_type":"article","og_title":"Hinnasto | Asianajotoimisto Laura Oivanen","og_description":"Laskutus perustuu p\u00e4\u00e4s\u00e4\u00e4nt\u00f6isesti toimeksiannon hoitamiseen k\u00e4ytettyyn aikaan. Selvit\u00e4n Sinun tai yrityksesi oikeusturvavakuutuksen olemassaolon ja kattavuuden. Selvit\u00e4n my\u00f6s mahdollisuutesi saada oikeusapua.","og_url":"https:\/\/www.lauraoivanen.fi\/index.php\/hinnasto\/","og_site_name":"Asianajotoimisto Laura Oivanen","article_publisher":"https:\/\/www.facebook.com\/Asianajotoimisto-Laura-Oivanen-110140360496998\/","article_modified_time":"2024-09-22T12:47:56+00:00","twitter_card":"summary_large_image","twitter_misc":{"Arvioitu lukuaika":"1 minuutti"},"schema":{"@context":"https:\/\/schema.org","@graph":[{"@type":"WebPage","@id":"https:\/\/www.lauraoivanen.fi\/index.php\/hinnasto\/","url":"https:\/\/www.lauraoivanen.fi\/index.php\/hinnasto\/","name":"Hinnasto | Asianajotoimisto Laura Oivanen","isPartOf":{"@id":"https:\/\/www.lauraoivanen.fi\/#website"},"datePublished":"2017-08-01T12:13:17+00:00","dateModified":"2024-09-22T12:47:56+00:00","description":"Laskutus perustuu p\u00e4\u00e4s\u00e4\u00e4nt\u00f6isesti toimeksiannon hoitamiseen k\u00e4ytettyyn aikaan. Selvit\u00e4n Sinun tai yrityksesi oikeusturvavakuutuksen olemassaolon ja kattavuuden. Selvit\u00e4n my\u00f6s mahdollisuutesi saada oikeusapua.","breadcrumb":{"@id":"https:\/\/www.lauraoivanen.fi\/index.php\/hinnasto\/#breadcrumb"},"inLanguage":"fi","potentialAction":[{"@type":"ReadAction","target":["https:\/\/www.lauraoivanen.fi\/index.php\/hinnasto\/"]}]},{"@type":"BreadcrumbList","@id":"https:\/\/www.lauraoivanen.fi\/index.php\/hinnasto\/#breadcrumb","itemListElement":[{"@type":"ListItem","position":1,"name":"Home","item":"https:\/\/www.lauraoivanen.fi\/"},{"@type":"ListItem","position":2,"name":"Hinnasto"}]},{"@type":"WebSite","@id":"https:\/\/www.lauraoivanen.fi\/#website","url":"https:\/\/www.lauraoivanen.fi\/","name":"Asianajotoimisto Laura Oivanen","description":"","potentialAction":[{"@type":"SearchAction","target":{"@type":"EntryPoint","urlTemplate":"https:\/\/www.lauraoivanen.fi\/?s={search_term_string}"},"query-input":{"@type":"PropertyValueSpecification","valueRequired":true,"valueName":"search_term_string"}}],"inLanguage":"fi"}]}},"uagb_featured_image_src":{"full":false,"thumbnail":false,"medium":false,"medium_large":false,"large":false,"1536x1536":false,"2048x2048":false},"uagb_author_info":{"display_name":"admin","author_link":"https:\/\/www.lauraoivanen.fi\/index.php\/author\/admin\/"},"uagb_comment_info":0,"uagb_excerpt":"Hinnasto Hinnat yksityishenkil\u00f6ille Tuntiveloitus yksityishenkil\u00f6ille on 250 euroa lis\u00e4ttyn\u00e4 25,5 %:n suuruisella arvonlis\u00e4verolla eli yhteens\u00e4 313,75 euroa. Hintaesimerkkej\u00e4: Avioehtosopimuksen laatimisesta veloitan v\u00e4hint\u00e4\u00e4n 360 euroa (sis. alv 25,5 %) ja testamentin laatimisesta v\u00e4hint\u00e4\u00e4n 410 euroa (sis. alv 25,5 %). Hinnat yrityksille Tuntiveloitus yrityksille toimeksiannosta riippuen on 250 &#8211; 310 euroa lis\u00e4ttyn\u00e4 25,5 %:n suuruisella arvonlis\u00e4verolla eli&hellip;","_links":{"self":[{"href":"https:\/\/www.lauraoivanen.fi\/index.php\/wp-json\/wp\/v2\/pages\/13","targetHints":{"allow":["GET"]}}],"collection":[{"href":"https:\/\/www.lauraoivanen.fi\/index.php\/wp-json\/wp\/v2\/pages"}],"about":[{"href":"https:\/\/www.lauraoivanen.fi\/index.php\/wp-json\/wp\/v2\/types\/page"}],"author":[{"embeddable":true,"href":"https:\/\/www.lauraoivanen.fi\/index.php\/wp-json\/wp\/v2\/users\/1"}],"replies":[{"embeddable":true,"href":"https:\/\/www.lauraoivanen.fi\/index.php\/wp-json\/wp\/v2\/comments?post=13"}],"version-history":[{"count":14,"href":"https:\/\/www.lauraoivanen.fi\/index.php\/wp-json\/wp\/v2\/pages\/13\/revisions"}],"predecessor-version":[{"id":891,"href":"https:\/\/www.lauraoivanen.fi\/index.php\/wp-json\/wp\/v2\/pages\/13\/revisions\/891"}],"wp:attachment":[{"href":"https:\/\/www.lauraoivanen.fi\/index.php\/wp-json\/wp\/v2\/media?parent=13"}],"curies":[{"name":"wp","href":"https:\/\/api.w.org\/{rel}","templated":true}]}}