{"id":12,"date":"2017-08-01T12:13:17","date_gmt":"2017-08-01T12:13:17","guid":{"rendered":"https:\/\/websitedemos.net\/law-free\/?page_id=10"},"modified":"2021-01-09T08:02:07","modified_gmt":"2021-01-09T08:02:07","slug":"palvelut","status":"publish","type":"page","link":"https:\/\/www.lauraoivanen.fi\/index.php\/palvelut\/","title":{"rendered":"Palvelut"},"content":{"rendered":"\t\t<div data-elementor-type=\"wp-post\" data-elementor-id=\"12\" class=\"elementor elementor-12\">\n\t\t\t\t\t\t<section class=\"elementor-section elementor-top-section elementor-element elementor-element-ca344fe elementor-section-boxed elementor-section-height-default elementor-section-height-default\" data-id=\"ca344fe\" data-element_type=\"section\">\n\t\t\t\t\t\t<div class=\"elementor-container elementor-column-gap-default\">\n\t\t\t\t\t<div class=\"elementor-column elementor-col-100 elementor-top-column elementor-element elementor-element-27971df\" data-id=\"27971df\" data-element_type=\"column\">\n\t\t\t<div class=\"elementor-widget-wrap elementor-element-populated\">\n\t\t\t\t\t\t<div class=\"elementor-element elementor-element-a0258b0 elementor-widget elementor-widget-text-editor\" data-id=\"a0258b0\" data-element_type=\"widget\" data-widget_type=\"text-editor.default\">\n\t\t\t\t<div class=\"elementor-widget-container\">\n\t\t\t\t\t\t\t\t\t<p class=\"western\"><span style=\"font-size: medium;\">Asianajotoimisto Laura Oivanen palvelee yksityishenkil\u00f6it\u00e4 ja yrityksi\u00e4 oikeudenk\u00e4ynneiss\u00e4 ja muissa oikeudellista asiantuntemusta vaativissa asioissa 13 vuoden kokemuksella. <\/span><\/p>\t\t\t\t\t\t\t\t<\/div>\n\t\t\t\t<\/div>\n\t\t\t\t\t<\/div>\n\t\t<\/div>\n\t\t\t\t\t<\/div>\n\t\t<\/section>\n\t\t\t\t<section class=\"elementor-section elementor-top-section elementor-element elementor-element-4fa7e99 elementor-section-boxed elementor-section-height-default elementor-section-height-default\" data-id=\"4fa7e99\" data-element_type=\"section\">\n\t\t\t\t\t\t<div class=\"elementor-container elementor-column-gap-default\">\n\t\t\t\t\t<div class=\"elementor-column elementor-col-50 elementor-top-column elementor-element elementor-element-6703848\" data-id=\"6703848\" data-element_type=\"column\">\n\t\t\t<div class=\"elementor-widget-wrap elementor-element-populated\">\n\t\t\t\t\t\t<div class=\"elementor-element elementor-element-1e7caad elementor-widget elementor-widget-text-editor\" data-id=\"1e7caad\" data-element_type=\"widget\" data-widget_type=\"text-editor.default\">\n\t\t\t\t<div class=\"elementor-widget-container\">\n\t\t\t\t\t\t\t\t\t<p><span style=\"font-size: medium;\">mm. seuraavat palvelut yksityishenkil\u00f6ille:<\/span><\/p>\n<ul>\n<li>\n<p>riita-asiat<\/p>\n<\/li>\n<li>\n<p>rikos- ja l\u00e4hestymiskieltoasiat<\/p>\n<\/li>\n<li>\n<p>lasten huolto-, asumis-, tapaamisoikeus- ja elatusasiat<\/p>\n<\/li>\n<li>isyyden vahvistamiseen ja kumoamiseen liittyv\u00e4t asiat<\/li><\/ul><ul>\n<li>\n<p>avioehdot, ositukset ja omaisuuden erottelut<\/p>\n<\/li>\n<li>\n<p>testamentit, perunkirjoitukset ja perinn\u00f6njaot<\/p>\n<\/li>\n<li>\n<p>kauppa- ja lahjakirjat<\/p>\n<\/li>\n<li>\n<p>edunvalvontavaltuutukset<\/p>\n<\/li>\n<li>\n<p>kuluttajansuoja-asiat<\/p>\n<\/li>\n<li>\n<p>vuokra ja h\u00e4\u00e4t\u00f6<\/p>\n<\/li>\n<li>\n<p>asunto- ja kiinteist\u00f6kauppariidat<\/p>\n<\/li>\n<li>\n<p>vakuutuksiin liittyv\u00e4t riita-asiat<\/p>\n<\/li>\n<li>\n<p>vahingonkorvausasiat<\/p>\n<\/li>\n<li>\n<p>velkomusasiat<\/p>\n<\/li>\n<li>\n<p>asunto-osakeyhti\u00f6oikeudelliset asiat<\/p>\n<\/li>\n<li>\n<p>ty\u00f6oikeudelliset asiat<\/p>\n<\/li>\n<li>\n<p>sopimusoikeudelliset asiat<\/p>\n<\/li>\n<li>\n<p>muut oikeudenk\u00e4ynneiss\u00e4 k\u00e4sitelt\u00e4v\u00e4t asiat<\/p>\n<\/li>\n<\/ul>\t\t\t\t\t\t\t\t<\/div>\n\t\t\t\t<\/div>\n\t\t\t\t\t<\/div>\n\t\t<\/div>\n\t\t\t\t<div class=\"elementor-column elementor-col-50 elementor-top-column elementor-element elementor-element-6b23ca8\" data-id=\"6b23ca8\" data-element_type=\"column\">\n\t\t\t<div class=\"elementor-widget-wrap elementor-element-populated\">\n\t\t\t\t\t\t<div class=\"elementor-element elementor-element-2285ae8 elementor-widget elementor-widget-text-editor\" data-id=\"2285ae8\" data-element_type=\"widget\" data-widget_type=\"text-editor.default\">\n\t\t\t\t<div class=\"elementor-widget-container\">\n\t\t\t\t\t\t\t\t\t<p class=\"western\"><span style=\"font-size: medium;\">mm. seuraavat palvelut yrityksille:<\/span><\/p><ul><li><p class=\"western\">riita-asiat<\/p><\/li><li><p class=\"western\">rikosasiat<\/p><\/li><li><p class=\"western\">vahingonkorvausasiat<\/p><\/li><li><p class=\"western\">velkomusasiat<\/p><\/li><li><p class=\"western\">yhti\u00f6oikeus<\/p><\/li><li><p class=\"western\">vero-oikeus<\/p><\/li><li><p class=\"western\">ty\u00f6oikeudelliset asiat<\/p><\/li><li><p class=\"western\">sopimusoikeudelliset asiat<\/p><\/li><li><p class=\"western\">insolvenssioikeus (konkurssit ja yrityssaneeraukset)<\/p><\/li><li><p class=\"western\">muut oikeudenk\u00e4ynneiss\u00e4 k\u00e4sitelt\u00e4v\u00e4t asiat<\/p><\/li><\/ul>\t\t\t\t\t\t\t\t<\/div>\n\t\t\t\t<\/div>\n\t\t\t\t\t<\/div>\n\t\t<\/div>\n\t\t\t\t\t<\/div>\n\t\t<\/section>\n\t\t\t\t<\/div>\n\t\t","protected":false},"excerpt":{"rendered":"<p>Asianajotoimisto Laura Oivanen palvelee yksityishenkil\u00f6it\u00e4 ja yrityksi\u00e4 oikeudenk\u00e4ynneiss\u00e4 ja muissa oikeudellista asiantuntemusta vaativissa asioissa 13 vuoden kokemuksella. mm. seuraavat palvelut yksityishenkil\u00f6ille: riita-asiat rikos- ja l\u00e4hestymiskieltoasiat lasten huolto-, asumis-, tapaamisoikeus- ja elatusasiat isyyden vahvistamiseen ja kumoamiseen liittyv\u00e4t asiat avioehdot, ositukset ja omaisuuden erottelut testamentit, perunkirjoitukset ja perinn\u00f6njaot kauppa- ja lahjakirjat edunvalvontavaltuutukset kuluttajansuoja-asiat vuokra ja h\u00e4\u00e4t\u00f6 asunto- [&hellip;]<\/p>\n","protected":false},"author":1,"featured_media":0,"parent":0,"menu_order":0,"comment_status":"closed","ping_status":"closed","template":"","meta":{"_uag_custom_page_level_css":"","site-sidebar-layout":"no-sidebar","site-content-layout":"page-builder","ast-site-content-layout":"default","site-content-style":"default","site-sidebar-style":"default","ast-global-header-display":"","ast-banner-title-visibility":"","ast-main-header-display":"","ast-hfb-above-header-display":"","ast-hfb-below-header-display":"","ast-hfb-mobile-header-display":"","site-post-title":"disabled","ast-breadcrumbs-content":"","ast-featured-img":"","footer-sml-layout":"","ast-disable-related-posts":"","theme-transparent-header-meta":"default","adv-header-id-meta":"","stick-header-meta":"","header-above-stick-meta":"","header-main-stick-meta":"","header-below-stick-meta":"","astra-migrate-meta-layouts":"default","ast-page-background-enabled":"default","ast-page-background-meta":{"desktop":{"background-color":"","background-image":"","background-repeat":"repeat","background-position":"center center","background-size":"auto","background-attachment":"scroll","background-type":"","background-media":"","overlay-type":"","overlay-color":"","overlay-opacity":"","overlay-gradient":""},"tablet":{"background-color":"","background-image":"","background-repeat":"repeat","background-position":"center center","background-size":"auto","background-attachment":"scroll","background-type":"","background-media":"","overlay-type":"","overlay-color":"","overlay-opacity":"","overlay-gradient":""},"mobile":{"background-color":"","background-image":"","background-repeat":"repeat","background-position":"center center","background-size":"auto","background-attachment":"scroll","background-type":"","background-media":"","overlay-type":"","overlay-color":"","overlay-opacity":"","overlay-gradient":""}},"ast-content-background-meta":{"desktop":{"background-color":"var(--ast-global-color-5)","background-image":"","background-repeat":"repeat","background-position":"center center","background-size":"auto","background-attachment":"scroll","background-type":"","background-media":"","overlay-type":"","overlay-color":"","overlay-opacity":"","overlay-gradient":""},"tablet":{"background-color":"var(--ast-global-color-5)","background-image":"","background-repeat":"repeat","background-position":"center center","background-size":"auto","background-attachment":"scroll","background-type":"","background-media":"","overlay-type":"","overlay-color":"","overlay-opacity":"","overlay-gradient":""},"mobile":{"background-color":"var(--ast-global-color-5)","background-image":"","background-repeat":"repeat","background-position":"center center","background-size":"auto","background-attachment":"scroll","background-type":"","background-media":"","overlay-type":"","overlay-color":"","overlay-opacity":"","overlay-gradient":""}},"footnotes":""},"class_list":["post-12","page","type-page","status-publish","hentry"],"yoast_head":"<!-- This site is optimized with the Yoast SEO plugin v26.6 - https:\/\/yoast.com\/wordpress\/plugins\/seo\/ -->\n<title>Palvelut | Asianajotoimisto Laura Oivanen<\/title>\n<meta name=\"description\" content=\"Asianajaja, varatuomari Laura Oivanen palvelee yksityishenkil\u00f6it\u00e4 ja yrityksi\u00e4 kaikissa oikeudellista asiantuntemusta vaativissa asioissa.\" \/>\n<meta name=\"robots\" content=\"index, follow, max-snippet:-1, max-image-preview:large, max-video-preview:-1\" \/>\n<link rel=\"canonical\" href=\"https:\/\/www.lauraoivanen.fi\/index.php\/palvelut\/\" \/>\n<meta property=\"og:locale\" content=\"fi_FI\" \/>\n<meta property=\"og:type\" content=\"article\" \/>\n<meta property=\"og:title\" content=\"Palvelut | Asianajotoimisto Laura Oivanen\" \/>\n<meta property=\"og:description\" content=\"Asianajaja, varatuomari Laura Oivanen palvelee yksityishenkil\u00f6it\u00e4 ja yrityksi\u00e4 kaikissa oikeudellista asiantuntemusta vaativissa asioissa.\" \/>\n<meta property=\"og:url\" content=\"https:\/\/www.lauraoivanen.fi\/index.php\/palvelut\/\" \/>\n<meta property=\"og:site_name\" content=\"Asianajotoimisto Laura Oivanen\" \/>\n<meta property=\"article:publisher\" content=\"https:\/\/www.facebook.com\/Asianajotoimisto-Laura-Oivanen-110140360496998\/\" \/>\n<meta property=\"article:modified_time\" content=\"2021-01-09T08:02:07+00:00\" \/>\n<meta name=\"twitter:card\" content=\"summary_large_image\" \/>\n<meta name=\"twitter:label1\" content=\"Arvioitu lukuaika\" \/>\n\t<meta name=\"twitter:data1\" content=\"1 minuutti\" \/>\n<script type=\"application\/ld+json\" class=\"yoast-schema-graph\">{\"@context\":\"https:\/\/schema.org\",\"@graph\":[{\"@type\":\"WebPage\",\"@id\":\"https:\/\/www.lauraoivanen.fi\/index.php\/palvelut\/\",\"url\":\"https:\/\/www.lauraoivanen.fi\/index.php\/palvelut\/\",\"name\":\"Palvelut | Asianajotoimisto Laura Oivanen\",\"isPartOf\":{\"@id\":\"https:\/\/www.lauraoivanen.fi\/#website\"},\"datePublished\":\"2017-08-01T12:13:17+00:00\",\"dateModified\":\"2021-01-09T08:02:07+00:00\",\"description\":\"Asianajaja, varatuomari Laura Oivanen palvelee yksityishenkil\u00f6it\u00e4 ja yrityksi\u00e4 kaikissa oikeudellista asiantuntemusta vaativissa asioissa.\",\"breadcrumb\":{\"@id\":\"https:\/\/www.lauraoivanen.fi\/index.php\/palvelut\/#breadcrumb\"},\"inLanguage\":\"fi\",\"potentialAction\":[{\"@type\":\"ReadAction\",\"target\":[\"https:\/\/www.lauraoivanen.fi\/index.php\/palvelut\/\"]}]},{\"@type\":\"BreadcrumbList\",\"@id\":\"https:\/\/www.lauraoivanen.fi\/index.php\/palvelut\/#breadcrumb\",\"itemListElement\":[{\"@type\":\"ListItem\",\"position\":1,\"name\":\"Home\",\"item\":\"https:\/\/www.lauraoivanen.fi\/\"},{\"@type\":\"ListItem\",\"position\":2,\"name\":\"Palvelut\"}]},{\"@type\":\"WebSite\",\"@id\":\"https:\/\/www.lauraoivanen.fi\/#website\",\"url\":\"https:\/\/www.lauraoivanen.fi\/\",\"name\":\"Asianajotoimisto Laura Oivanen\",\"description\":\"\",\"potentialAction\":[{\"@type\":\"SearchAction\",\"target\":{\"@type\":\"EntryPoint\",\"urlTemplate\":\"https:\/\/www.lauraoivanen.fi\/?s={search_term_string}\"},\"query-input\":{\"@type\":\"PropertyValueSpecification\",\"valueRequired\":true,\"valueName\":\"search_term_string\"}}],\"inLanguage\":\"fi\"}]}<\/script>\n<!-- \/ Yoast SEO plugin. -->","yoast_head_json":{"title":"Palvelut | Asianajotoimisto Laura Oivanen","description":"Asianajaja, varatuomari Laura Oivanen palvelee yksityishenkil\u00f6it\u00e4 ja yrityksi\u00e4 kaikissa oikeudellista asiantuntemusta vaativissa asioissa.","robots":{"index":"index","follow":"follow","max-snippet":"max-snippet:-1","max-image-preview":"max-image-preview:large","max-video-preview":"max-video-preview:-1"},"canonical":"https:\/\/www.lauraoivanen.fi\/index.php\/palvelut\/","og_locale":"fi_FI","og_type":"article","og_title":"Palvelut | Asianajotoimisto Laura Oivanen","og_description":"Asianajaja, varatuomari Laura Oivanen palvelee yksityishenkil\u00f6it\u00e4 ja yrityksi\u00e4 kaikissa oikeudellista asiantuntemusta vaativissa asioissa.","og_url":"https:\/\/www.lauraoivanen.fi\/index.php\/palvelut\/","og_site_name":"Asianajotoimisto Laura Oivanen","article_publisher":"https:\/\/www.facebook.com\/Asianajotoimisto-Laura-Oivanen-110140360496998\/","article_modified_time":"2021-01-09T08:02:07+00:00","twitter_card":"summary_large_image","twitter_misc":{"Arvioitu lukuaika":"1 minuutti"},"schema":{"@context":"https:\/\/schema.org","@graph":[{"@type":"WebPage","@id":"https:\/\/www.lauraoivanen.fi\/index.php\/palvelut\/","url":"https:\/\/www.lauraoivanen.fi\/index.php\/palvelut\/","name":"Palvelut | Asianajotoimisto Laura Oivanen","isPartOf":{"@id":"https:\/\/www.lauraoivanen.fi\/#website"},"datePublished":"2017-08-01T12:13:17+00:00","dateModified":"2021-01-09T08:02:07+00:00","description":"Asianajaja, varatuomari Laura Oivanen palvelee yksityishenkil\u00f6it\u00e4 ja yrityksi\u00e4 kaikissa oikeudellista asiantuntemusta vaativissa asioissa.","breadcrumb":{"@id":"https:\/\/www.lauraoivanen.fi\/index.php\/palvelut\/#breadcrumb"},"inLanguage":"fi","potentialAction":[{"@type":"ReadAction","target":["https:\/\/www.lauraoivanen.fi\/index.php\/palvelut\/"]}]},{"@type":"BreadcrumbList","@id":"https:\/\/www.lauraoivanen.fi\/index.php\/palvelut\/#breadcrumb","itemListElement":[{"@type":"ListItem","position":1,"name":"Home","item":"https:\/\/www.lauraoivanen.fi\/"},{"@type":"ListItem","position":2,"name":"Palvelut"}]},{"@type":"WebSite","@id":"https:\/\/www.lauraoivanen.fi\/#website","url":"https:\/\/www.lauraoivanen.fi\/","name":"Asianajotoimisto Laura Oivanen","description":"","potentialAction":[{"@type":"SearchAction","target":{"@type":"EntryPoint","urlTemplate":"https:\/\/www.lauraoivanen.fi\/?s={search_term_string}"},"query-input":{"@type":"PropertyValueSpecification","valueRequired":true,"valueName":"search_term_string"}}],"inLanguage":"fi"}]}},"uagb_featured_image_src":{"full":false,"thumbnail":false,"medium":false,"medium_large":false,"large":false,"1536x1536":false,"2048x2048":false},"uagb_author_info":{"display_name":"admin","author_link":"https:\/\/www.lauraoivanen.fi\/index.php\/author\/admin\/"},"uagb_comment_info":0,"uagb_excerpt":"Asianajotoimisto Laura Oivanen palvelee yksityishenkil\u00f6it\u00e4 ja yrityksi\u00e4 oikeudenk\u00e4ynneiss\u00e4 ja muissa oikeudellista asiantuntemusta vaativissa asioissa 13 vuoden kokemuksella. mm. seuraavat palvelut yksityishenkil\u00f6ille: riita-asiat rikos- ja l\u00e4hestymiskieltoasiat lasten huolto-, asumis-, tapaamisoikeus- ja elatusasiat isyyden vahvistamiseen ja kumoamiseen liittyv\u00e4t asiat avioehdot, ositukset ja omaisuuden erottelut testamentit, perunkirjoitukset ja perinn\u00f6njaot kauppa- ja lahjakirjat edunvalvontavaltuutukset kuluttajansuoja-asiat vuokra ja h\u00e4\u00e4t\u00f6 asunto-&hellip;","_links":{"self":[{"href":"https:\/\/www.lauraoivanen.fi\/index.php\/wp-json\/wp\/v2\/pages\/12","targetHints":{"allow":["GET"]}}],"collection":[{"href":"https:\/\/www.lauraoivanen.fi\/index.php\/wp-json\/wp\/v2\/pages"}],"about":[{"href":"https:\/\/www.lauraoivanen.fi\/index.php\/wp-json\/wp\/v2\/types\/page"}],"author":[{"embeddable":true,"href":"https:\/\/www.lauraoivanen.fi\/index.php\/wp-json\/wp\/v2\/users\/1"}],"replies":[{"embeddable":true,"href":"https:\/\/www.lauraoivanen.fi\/index.php\/wp-json\/wp\/v2\/comments?post=12"}],"version-history":[{"count":13,"href":"https:\/\/www.lauraoivanen.fi\/index.php\/wp-json\/wp\/v2\/pages\/12\/revisions"}],"predecessor-version":[{"id":851,"href":"https:\/\/www.lauraoivanen.fi\/index.php\/wp-json\/wp\/v2\/pages\/12\/revisions\/851"}],"wp:attachment":[{"href":"https:\/\/www.lauraoivanen.fi\/index.php\/wp-json\/wp\/v2\/media?parent=12"}],"curies":[{"name":"wp","href":"https:\/\/api.w.org\/{rel}","templated":true}]}}