{"id":11,"date":"2017-08-01T12:13:16","date_gmt":"2017-08-01T12:13:16","guid":{"rendered":"https:\/\/websitedemos.net\/law-free\/?page_id=9"},"modified":"2021-01-09T08:01:00","modified_gmt":"2021-01-09T08:01:00","slug":"henkilosto","status":"publish","type":"page","link":"https:\/\/www.lauraoivanen.fi\/index.php\/henkilosto\/","title":{"rendered":"Henkil\u00f6st\u00f6"},"content":{"rendered":"<p>Laura Oivanen<\/p>\n<p>Asianajaja, varatuomari<\/p>\n<p><img fetchpriority=\"high\" decoding=\"async\" src=\"https:\/\/www.lauraoivanen.fi\/wp-content\/uploads\/2019\/12\/lauraoivanen-768x901.jpg\" alt=\"Asianajotoimisto Laura Oivanen\" srcset=\"https:\/\/www.lauraoivanen.fi\/wp-content\/uploads\/2019\/12\/lauraoivanen-768x901.jpg 768w, https:\/\/www.lauraoivanen.fi\/wp-content\/uploads\/2019\/12\/lauraoivanen-256x300.jpg 256w, https:\/\/www.lauraoivanen.fi\/wp-content\/uploads\/2019\/12\/lauraoivanen-873x1024.jpg 873w, https:\/\/www.lauraoivanen.fi\/wp-content\/uploads\/2019\/12\/lauraoivanen-1310x1536.jpg 1310w, https:\/\/www.lauraoivanen.fi\/wp-content\/uploads\/2019\/12\/lauraoivanen-1746x2048.jpg 1746w\" sizes=\"(max-width: 768px) 100vw, 768px\" width=\"768\" height=\"901\"><\/p>\n<p>Koulutus:<\/p>\n<ul>\n<li>Oikeustieteen kandidaatti, Turun yliopisto 04\/2007<\/li>\n<li>Varatuomari, Heinolan k\u00e4r\u00e4j\u00e4oikeus 2008<\/li>\n<li>Asianajaja, Suomen Asianajajaliitto 2011<\/li>\n<\/ul>\n<p>Ty\u00f6kokemus:<\/p>\n<ul>\n<li>Viranomaisyhteisty\u00f6n kehitt\u00e4misprojekti (VIRKE), Verohallituksen m\u00e4\u00e4r\u00e4aikainen verosihteeri 04\/2007-09\/2007<\/li>\n<li>Heinolan k\u00e4r\u00e4j\u00e4oikeus, notaari 2007-2008<\/li>\n<li>Asianajotoimisto SLPK Oy, lakimies 2008-2011 ja asianajaja 2011-2019<\/li>\n<li>Asianajotoimisto Laura Oivanen 2019 &#8211;<\/li>\n<\/ul>\n","protected":false},"excerpt":{"rendered":"<p>Laura Oivanen Asianajaja, varatuomari Koulutus: Oikeustieteen kandidaatti, Turun yliopisto 04\/2007 Varatuomari, Heinolan k\u00e4r\u00e4j\u00e4oikeus 2008 Asianajaja, Suomen Asianajajaliitto 2011 Ty\u00f6kokemus: Viranomaisyhteisty\u00f6n kehitt\u00e4misprojekti (VIRKE), Verohallituksen m\u00e4\u00e4r\u00e4aikainen verosihteeri 04\/2007-09\/2007 Heinolan k\u00e4r\u00e4j\u00e4oikeus, notaari 2007-2008 Asianajotoimisto SLPK Oy, lakimies 2008-2011 ja asianajaja 2011-2019 Asianajotoimisto Laura Oivanen 2019 &#8211;<\/p>\n","protected":false},"author":1,"featured_media":0,"parent":0,"menu_order":0,"comment_status":"closed","ping_status":"closed","template":"","meta":{"_uag_custom_page_level_css":"","site-sidebar-layout":"no-sidebar","site-content-layout":"page-builder","ast-site-content-layout":"default","site-content-style":"default","site-sidebar-style":"default","ast-global-header-display":"","ast-banner-title-visibility":"","ast-main-header-display":"","ast-hfb-above-header-display":"","ast-hfb-below-header-display":"","ast-hfb-mobile-header-display":"","site-post-title":"disabled","ast-breadcrumbs-content":"","ast-featured-img":"","footer-sml-layout":"","ast-disable-related-posts":"","theme-transparent-header-meta":"default","adv-header-id-meta":"","stick-header-meta":"","header-above-stick-meta":"","header-main-stick-meta":"","header-below-stick-meta":"","astra-migrate-meta-layouts":"default","ast-page-background-enabled":"default","ast-page-background-meta":{"desktop":{"background-color":"","background-image":"","background-repeat":"repeat","background-position":"center center","background-size":"auto","background-attachment":"scroll","background-type":"","background-media":"","overlay-type":"","overlay-color":"","overlay-opacity":"","overlay-gradient":""},"tablet":{"background-color":"","background-image":"","background-repeat":"repeat","background-position":"center center","background-size":"auto","background-attachment":"scroll","background-type":"","background-media":"","overlay-type":"","overlay-color":"","overlay-opacity":"","overlay-gradient":""},"mobile":{"background-color":"","background-image":"","background-repeat":"repeat","background-position":"center center","background-size":"auto","background-attachment":"scroll","background-type":"","background-media":"","overlay-type":"","overlay-color":"","overlay-opacity":"","overlay-gradient":""}},"ast-content-background-meta":{"desktop":{"background-color":"var(--ast-global-color-5)","background-image":"","background-repeat":"repeat","background-position":"center center","background-size":"auto","background-attachment":"scroll","background-type":"","background-media":"","overlay-type":"","overlay-color":"","overlay-opacity":"","overlay-gradient":""},"tablet":{"background-color":"var(--ast-global-color-5)","background-image":"","background-repeat":"repeat","background-position":"center center","background-size":"auto","background-attachment":"scroll","background-type":"","background-media":"","overlay-type":"","overlay-color":"","overlay-opacity":"","overlay-gradient":""},"mobile":{"background-color":"var(--ast-global-color-5)","background-image":"","background-repeat":"repeat","background-position":"center center","background-size":"auto","background-attachment":"scroll","background-type":"","background-media":"","overlay-type":"","overlay-color":"","overlay-opacity":"","overlay-gradient":""}},"footnotes":""},"class_list":["post-11","page","type-page","status-publish","hentry"],"yoast_head":"<!-- This site is optimized with the Yoast SEO plugin v26.6 - https:\/\/yoast.com\/wordpress\/plugins\/seo\/ -->\n<title>Henkil\u00f6st\u00f6 | Asianajotoimisto Laura Oivanen<\/title>\n<meta name=\"description\" content=\"Laura Oivanen | oikeustieteen kandidaatti 04\/2007, varatuomari 2008 ja asianajaja 2011 | toiminut lakimies- ja asianajoteht\u00e4viss\u00e4 valmistumisesta l\u00e4htien\" \/>\n<meta name=\"robots\" content=\"index, follow, max-snippet:-1, max-image-preview:large, max-video-preview:-1\" \/>\n<link rel=\"canonical\" href=\"https:\/\/www.lauraoivanen.fi\/index.php\/henkilosto\/\" \/>\n<meta property=\"og:locale\" content=\"fi_FI\" \/>\n<meta property=\"og:type\" content=\"article\" \/>\n<meta property=\"og:title\" content=\"Henkil\u00f6st\u00f6 | Asianajotoimisto Laura Oivanen\" \/>\n<meta property=\"og:description\" content=\"Laura Oivanen | oikeustieteen kandidaatti 04\/2007, varatuomari 2008 ja asianajaja 2011 | toiminut lakimies- ja asianajoteht\u00e4viss\u00e4 valmistumisesta l\u00e4htien\" \/>\n<meta property=\"og:url\" content=\"https:\/\/www.lauraoivanen.fi\/index.php\/henkilosto\/\" \/>\n<meta property=\"og:site_name\" content=\"Asianajotoimisto Laura Oivanen\" \/>\n<meta property=\"article:publisher\" content=\"https:\/\/www.facebook.com\/Asianajotoimisto-Laura-Oivanen-110140360496998\/\" \/>\n<meta property=\"article:modified_time\" content=\"2021-01-09T08:01:00+00:00\" \/>\n<meta property=\"og:image\" content=\"http:\/\/www.lauraoivanen.fi\/wp-content\/uploads\/2019\/12\/lauraoivanen-768x901.jpg\" \/>\n<meta name=\"twitter:card\" content=\"summary_large_image\" \/>\n<script type=\"application\/ld+json\" class=\"yoast-schema-graph\">{\"@context\":\"https:\/\/schema.org\",\"@graph\":[{\"@type\":\"WebPage\",\"@id\":\"https:\/\/www.lauraoivanen.fi\/index.php\/henkilosto\/\",\"url\":\"https:\/\/www.lauraoivanen.fi\/index.php\/henkilosto\/\",\"name\":\"Henkil\u00f6st\u00f6 | Asianajotoimisto Laura Oivanen\",\"isPartOf\":{\"@id\":\"https:\/\/www.lauraoivanen.fi\/#website\"},\"primaryImageOfPage\":{\"@id\":\"https:\/\/www.lauraoivanen.fi\/index.php\/henkilosto\/#primaryimage\"},\"image\":{\"@id\":\"https:\/\/www.lauraoivanen.fi\/index.php\/henkilosto\/#primaryimage\"},\"thumbnailUrl\":\"http:\/\/www.lauraoivanen.fi\/wp-content\/uploads\/2019\/12\/lauraoivanen-768x901.jpg\",\"datePublished\":\"2017-08-01T12:13:16+00:00\",\"dateModified\":\"2021-01-09T08:01:00+00:00\",\"description\":\"Laura Oivanen | oikeustieteen kandidaatti 04\/2007, varatuomari 2008 ja asianajaja 2011 | toiminut lakimies- ja asianajoteht\u00e4viss\u00e4 valmistumisesta l\u00e4htien\",\"breadcrumb\":{\"@id\":\"https:\/\/www.lauraoivanen.fi\/index.php\/henkilosto\/#breadcrumb\"},\"inLanguage\":\"fi\",\"potentialAction\":[{\"@type\":\"ReadAction\",\"target\":[\"https:\/\/www.lauraoivanen.fi\/index.php\/henkilosto\/\"]}]},{\"@type\":\"ImageObject\",\"inLanguage\":\"fi\",\"@id\":\"https:\/\/www.lauraoivanen.fi\/index.php\/henkilosto\/#primaryimage\",\"url\":\"http:\/\/www.lauraoivanen.fi\/wp-content\/uploads\/2019\/12\/lauraoivanen-768x901.jpg\",\"contentUrl\":\"http:\/\/www.lauraoivanen.fi\/wp-content\/uploads\/2019\/12\/lauraoivanen-768x901.jpg\"},{\"@type\":\"BreadcrumbList\",\"@id\":\"https:\/\/www.lauraoivanen.fi\/index.php\/henkilosto\/#breadcrumb\",\"itemListElement\":[{\"@type\":\"ListItem\",\"position\":1,\"name\":\"Home\",\"item\":\"https:\/\/www.lauraoivanen.fi\/\"},{\"@type\":\"ListItem\",\"position\":2,\"name\":\"Henkil\u00f6st\u00f6\"}]},{\"@type\":\"WebSite\",\"@id\":\"https:\/\/www.lauraoivanen.fi\/#website\",\"url\":\"https:\/\/www.lauraoivanen.fi\/\",\"name\":\"Asianajotoimisto Laura Oivanen\",\"description\":\"\",\"potentialAction\":[{\"@type\":\"SearchAction\",\"target\":{\"@type\":\"EntryPoint\",\"urlTemplate\":\"https:\/\/www.lauraoivanen.fi\/?s={search_term_string}\"},\"query-input\":{\"@type\":\"PropertyValueSpecification\",\"valueRequired\":true,\"valueName\":\"search_term_string\"}}],\"inLanguage\":\"fi\"}]}<\/script>\n<!-- \/ Yoast SEO plugin. -->","yoast_head_json":{"title":"Henkil\u00f6st\u00f6 | Asianajotoimisto Laura Oivanen","description":"Laura Oivanen | oikeustieteen kandidaatti 04\/2007, varatuomari 2008 ja asianajaja 2011 | toiminut lakimies- ja asianajoteht\u00e4viss\u00e4 valmistumisesta l\u00e4htien","robots":{"index":"index","follow":"follow","max-snippet":"max-snippet:-1","max-image-preview":"max-image-preview:large","max-video-preview":"max-video-preview:-1"},"canonical":"https:\/\/www.lauraoivanen.fi\/index.php\/henkilosto\/","og_locale":"fi_FI","og_type":"article","og_title":"Henkil\u00f6st\u00f6 | Asianajotoimisto Laura Oivanen","og_description":"Laura Oivanen | oikeustieteen kandidaatti 04\/2007, varatuomari 2008 ja asianajaja 2011 | toiminut lakimies- ja asianajoteht\u00e4viss\u00e4 valmistumisesta l\u00e4htien","og_url":"https:\/\/www.lauraoivanen.fi\/index.php\/henkilosto\/","og_site_name":"Asianajotoimisto Laura Oivanen","article_publisher":"https:\/\/www.facebook.com\/Asianajotoimisto-Laura-Oivanen-110140360496998\/","article_modified_time":"2021-01-09T08:01:00+00:00","og_image":[{"url":"http:\/\/www.lauraoivanen.fi\/wp-content\/uploads\/2019\/12\/lauraoivanen-768x901.jpg","type":"","width":"","height":""}],"twitter_card":"summary_large_image","schema":{"@context":"https:\/\/schema.org","@graph":[{"@type":"WebPage","@id":"https:\/\/www.lauraoivanen.fi\/index.php\/henkilosto\/","url":"https:\/\/www.lauraoivanen.fi\/index.php\/henkilosto\/","name":"Henkil\u00f6st\u00f6 | Asianajotoimisto Laura Oivanen","isPartOf":{"@id":"https:\/\/www.lauraoivanen.fi\/#website"},"primaryImageOfPage":{"@id":"https:\/\/www.lauraoivanen.fi\/index.php\/henkilosto\/#primaryimage"},"image":{"@id":"https:\/\/www.lauraoivanen.fi\/index.php\/henkilosto\/#primaryimage"},"thumbnailUrl":"http:\/\/www.lauraoivanen.fi\/wp-content\/uploads\/2019\/12\/lauraoivanen-768x901.jpg","datePublished":"2017-08-01T12:13:16+00:00","dateModified":"2021-01-09T08:01:00+00:00","description":"Laura Oivanen | oikeustieteen kandidaatti 04\/2007, varatuomari 2008 ja asianajaja 2011 | toiminut lakimies- ja asianajoteht\u00e4viss\u00e4 valmistumisesta l\u00e4htien","breadcrumb":{"@id":"https:\/\/www.lauraoivanen.fi\/index.php\/henkilosto\/#breadcrumb"},"inLanguage":"fi","potentialAction":[{"@type":"ReadAction","target":["https:\/\/www.lauraoivanen.fi\/index.php\/henkilosto\/"]}]},{"@type":"ImageObject","inLanguage":"fi","@id":"https:\/\/www.lauraoivanen.fi\/index.php\/henkilosto\/#primaryimage","url":"http:\/\/www.lauraoivanen.fi\/wp-content\/uploads\/2019\/12\/lauraoivanen-768x901.jpg","contentUrl":"http:\/\/www.lauraoivanen.fi\/wp-content\/uploads\/2019\/12\/lauraoivanen-768x901.jpg"},{"@type":"BreadcrumbList","@id":"https:\/\/www.lauraoivanen.fi\/index.php\/henkilosto\/#breadcrumb","itemListElement":[{"@type":"ListItem","position":1,"name":"Home","item":"https:\/\/www.lauraoivanen.fi\/"},{"@type":"ListItem","position":2,"name":"Henkil\u00f6st\u00f6"}]},{"@type":"WebSite","@id":"https:\/\/www.lauraoivanen.fi\/#website","url":"https:\/\/www.lauraoivanen.fi\/","name":"Asianajotoimisto Laura Oivanen","description":"","potentialAction":[{"@type":"SearchAction","target":{"@type":"EntryPoint","urlTemplate":"https:\/\/www.lauraoivanen.fi\/?s={search_term_string}"},"query-input":{"@type":"PropertyValueSpecification","valueRequired":true,"valueName":"search_term_string"}}],"inLanguage":"fi"}]}},"uagb_featured_image_src":{"full":false,"thumbnail":false,"medium":false,"medium_large":false,"large":false,"1536x1536":false,"2048x2048":false},"uagb_author_info":{"display_name":"admin","author_link":"https:\/\/www.lauraoivanen.fi\/index.php\/author\/admin\/"},"uagb_comment_info":0,"uagb_excerpt":"Laura Oivanen Asianajaja, varatuomari Koulutus: Oikeustieteen kandidaatti, Turun yliopisto 04\/2007 Varatuomari, Heinolan k\u00e4r\u00e4j\u00e4oikeus 2008 Asianajaja, Suomen Asianajajaliitto 2011 Ty\u00f6kokemus: Viranomaisyhteisty\u00f6n kehitt\u00e4misprojekti (VIRKE), Verohallituksen m\u00e4\u00e4r\u00e4aikainen verosihteeri 04\/2007-09\/2007 Heinolan k\u00e4r\u00e4j\u00e4oikeus, notaari 2007-2008 Asianajotoimisto SLPK Oy, lakimies 2008-2011 ja asianajaja 2011-2019 Asianajotoimisto Laura Oivanen 2019 &#8211;","_links":{"self":[{"href":"https:\/\/www.lauraoivanen.fi\/index.php\/wp-json\/wp\/v2\/pages\/11","targetHints":{"allow":["GET"]}}],"collection":[{"href":"https:\/\/www.lauraoivanen.fi\/index.php\/wp-json\/wp\/v2\/pages"}],"about":[{"href":"https:\/\/www.lauraoivanen.fi\/index.php\/wp-json\/wp\/v2\/types\/page"}],"author":[{"embeddable":true,"href":"https:\/\/www.lauraoivanen.fi\/index.php\/wp-json\/wp\/v2\/users\/1"}],"replies":[{"embeddable":true,"href":"https:\/\/www.lauraoivanen.fi\/index.php\/wp-json\/wp\/v2\/comments?post=11"}],"version-history":[{"count":20,"href":"https:\/\/www.lauraoivanen.fi\/index.php\/wp-json\/wp\/v2\/pages\/11\/revisions"}],"predecessor-version":[{"id":819,"href":"https:\/\/www.lauraoivanen.fi\/index.php\/wp-json\/wp\/v2\/pages\/11\/revisions\/819"}],"wp:attachment":[{"href":"https:\/\/www.lauraoivanen.fi\/index.php\/wp-json\/wp\/v2\/media?parent=11"}],"curies":[{"name":"wp","href":"https:\/\/api.w.org\/{rel}","templated":true}]}}