{"id":10,"date":"2017-08-01T12:13:15","date_gmt":"2017-08-01T12:13:15","guid":{"rendered":"https:\/\/websitedemos.net\/law-free\/?page_id=7"},"modified":"2025-12-31T11:33:53","modified_gmt":"2025-12-31T11:33:53","slug":"etusivu","status":"publish","type":"page","link":"https:\/\/www.lauraoivanen.fi\/","title":{"rendered":"Etusivu"},"content":{"rendered":"\t\t<div data-elementor-type=\"wp-page\" data-elementor-id=\"10\" class=\"elementor elementor-10\">\n\t\t\t\t\t\t<section class=\"elementor-section elementor-top-section elementor-element elementor-element-5bdd084 elementor-section-boxed elementor-section-height-default elementor-section-height-default\" data-id=\"5bdd084\" data-element_type=\"section\">\n\t\t\t\t\t\t<div class=\"elementor-container elementor-column-gap-default\">\n\t\t\t\t\t<div class=\"elementor-column elementor-col-100 elementor-top-column elementor-element elementor-element-820ae4f\" data-id=\"820ae4f\" data-element_type=\"column\">\n\t\t\t<div class=\"elementor-widget-wrap elementor-element-populated\">\n\t\t\t\t\t\t<div class=\"elementor-element elementor-element-582c69b elementor-widget elementor-widget-image\" data-id=\"582c69b\" data-element_type=\"widget\" data-widget_type=\"image.default\">\n\t\t\t\t<div class=\"elementor-widget-container\">\n\t\t\t\t\t\t\t\t\t\t\t\t\t\t\t<img fetchpriority=\"high\" decoding=\"async\" width=\"1024\" height=\"576\" src=\"https:\/\/www.lauraoivanen.fi\/wp-content\/uploads\/2019\/12\/Scrabble-6-1024x576.jpg\" class=\"attachment-large size-large wp-image-728\" alt=\"Asianajotoimisto Laura Oivanen\" srcset=\"https:\/\/www.lauraoivanen.fi\/wp-content\/uploads\/2019\/12\/Scrabble-6-1024x576.jpg 1024w, https:\/\/www.lauraoivanen.fi\/wp-content\/uploads\/2019\/12\/Scrabble-6-300x169.jpg 300w, https:\/\/www.lauraoivanen.fi\/wp-content\/uploads\/2019\/12\/Scrabble-6-768x432.jpg 768w, https:\/\/www.lauraoivanen.fi\/wp-content\/uploads\/2019\/12\/Scrabble-6-1536x864.jpg 1536w, https:\/\/www.lauraoivanen.fi\/wp-content\/uploads\/2019\/12\/Scrabble-6-2048x1152.jpg 2048w\" sizes=\"(max-width: 1024px) 100vw, 1024px\" \/>\t\t\t\t\t\t\t\t\t\t\t\t\t\t\t<\/div>\n\t\t\t\t<\/div>\n\t\t\t\t\t<\/div>\n\t\t<\/div>\n\t\t\t\t\t<\/div>\n\t\t<\/section>\n\t\t\t\t<section class=\"elementor-section elementor-top-section elementor-element elementor-element-64210b7 elementor-section-boxed elementor-section-height-default elementor-section-height-default\" data-id=\"64210b7\" data-element_type=\"section\">\n\t\t\t\t\t\t<div class=\"elementor-container elementor-column-gap-default\">\n\t\t\t\t\t<div class=\"elementor-column elementor-col-100 elementor-top-column elementor-element elementor-element-2a79332\" data-id=\"2a79332\" data-element_type=\"column\">\n\t\t\t<div class=\"elementor-widget-wrap elementor-element-populated\">\n\t\t\t\t\t\t<div class=\"elementor-element elementor-element-08f58b7 elementor-widget elementor-widget-text-editor\" data-id=\"08f58b7\" data-element_type=\"widget\" data-widget_type=\"text-editor.default\">\n\t\t\t\t<div class=\"elementor-widget-container\">\n\t\t\t\t\t\t\t\t\t<p class=\"western\"><span style=\"font-size: medium;\">Asianajotoimisto Laura Oivanen palvelee yksityishenkil\u00f6it\u00e4 ja yrityksi\u00e4 oikeudenk\u00e4ynneiss\u00e4 ja muissa oikeudellista asiantuntemusta vaativissa asioissa 19 vuoden kokemuksella. Toimistoni sijaitsevat Lahdessa ja Vantaalla. Varaa aika alkuneuvotteluun puh 040 5508760 tai s\u00e4hk\u00f6postitse laura@lauraoivanen.fi. <\/span><\/p>\t\t\t\t\t\t\t\t<\/div>\n\t\t\t\t<\/div>\n\t\t\t\t\t<\/div>\n\t\t<\/div>\n\t\t\t\t\t<\/div>\n\t\t<\/section>\n\t\t\t\t<\/div>\n\t\t","protected":false},"excerpt":{"rendered":"<p>Asianajotoimisto Laura Oivanen palvelee yksityishenkil\u00f6it\u00e4 ja yrityksi\u00e4 oikeudenk\u00e4ynneiss\u00e4 ja muissa oikeudellista asiantuntemusta vaativissa asioissa 19 vuoden kokemuksella. Toimistoni sijaitsevat Lahdessa ja Vantaalla. Varaa aika alkuneuvotteluun puh 040 5508760 tai s\u00e4hk\u00f6postitse laura@lauraoivanen.fi.<\/p>\n","protected":false},"author":1,"featured_media":0,"parent":0,"menu_order":0,"comment_status":"closed","ping_status":"closed","template":"","meta":{"_uag_custom_page_level_css":"","site-sidebar-layout":"no-sidebar","site-content-layout":"page-builder","ast-site-content-layout":"full-width-container","site-content-style":"unboxed","site-sidebar-style":"unboxed","ast-global-header-display":"","ast-banner-title-visibility":"","ast-main-header-display":"","ast-hfb-above-header-display":"","ast-hfb-below-header-display":"","ast-hfb-mobile-header-display":"","site-post-title":"disabled","ast-breadcrumbs-content":"","ast-featured-img":"","footer-sml-layout":"","ast-disable-related-posts":"","theme-transparent-header-meta":"default","adv-header-id-meta":"","stick-header-meta":"","header-above-stick-meta":"","header-main-stick-meta":"","header-below-stick-meta":"","astra-migrate-meta-layouts":"set","ast-page-background-enabled":"default","ast-page-background-meta":{"desktop":{"background-color":"","background-image":"","background-repeat":"repeat","background-position":"center center","background-size":"auto","background-attachment":"scroll","background-type":"","background-media":"","overlay-type":"","overlay-color":"","overlay-opacity":"","overlay-gradient":""},"tablet":{"background-color":"","background-image":"","background-repeat":"repeat","background-position":"center center","background-size":"auto","background-attachment":"scroll","background-type":"","background-media":"","overlay-type":"","overlay-color":"","overlay-opacity":"","overlay-gradient":""},"mobile":{"background-color":"","background-image":"","background-repeat":"repeat","background-position":"center center","background-size":"auto","background-attachment":"scroll","background-type":"","background-media":"","overlay-type":"","overlay-color":"","overlay-opacity":"","overlay-gradient":""}},"ast-content-background-meta":{"desktop":{"background-color":"var(--ast-global-color-5)","background-image":"","background-repeat":"repeat","background-position":"center center","background-size":"auto","background-attachment":"scroll","background-type":"","background-media":"","overlay-type":"","overlay-color":"","overlay-opacity":"","overlay-gradient":""},"tablet":{"background-color":"var(--ast-global-color-5)","background-image":"","background-repeat":"repeat","background-position":"center center","background-size":"auto","background-attachment":"scroll","background-type":"","background-media":"","overlay-type":"","overlay-color":"","overlay-opacity":"","overlay-gradient":""},"mobile":{"background-color":"var(--ast-global-color-5)","background-image":"","background-repeat":"repeat","background-position":"center center","background-size":"auto","background-attachment":"scroll","background-type":"","background-media":"","overlay-type":"","overlay-color":"","overlay-opacity":"","overlay-gradient":""}},"footnotes":""},"class_list":["post-10","page","type-page","status-publish","hentry"],"yoast_head":"<!-- This site is optimized with the Yoast SEO plugin v26.6 - https:\/\/yoast.com\/wordpress\/plugins\/seo\/ -->\n<title>Asianajotoimisto Laura Oivanen | Asianajaja, varatuomari, lakimies | Lahti | Vantaa<\/title>\n<meta name=\"description\" content=\"Asianajaja Lahti ja Vantaa. Asianajotoimisto Laura Oivanen palvelee yksityishenkil\u00f6it\u00e4 ja yrityksi\u00e4 kaikissa oikeudellista asiantuntemusta vaativissa asioissa.\" \/>\n<meta name=\"robots\" content=\"index, follow, max-snippet:-1, max-image-preview:large, max-video-preview:-1\" \/>\n<link rel=\"canonical\" href=\"https:\/\/www.lauraoivanen.fi\/\" \/>\n<meta property=\"og:locale\" content=\"fi_FI\" \/>\n<meta property=\"og:type\" content=\"article\" \/>\n<meta property=\"og:title\" content=\"Asianajotoimisto Laura Oivanen | Asianajaja, varatuomari, lakimies | Lahti | Vantaa\" \/>\n<meta property=\"og:description\" content=\"Asianajaja Lahti ja Vantaa. Asianajotoimisto Laura Oivanen palvelee yksityishenkil\u00f6it\u00e4 ja yrityksi\u00e4 kaikissa oikeudellista asiantuntemusta vaativissa asioissa.\" \/>\n<meta property=\"og:url\" content=\"https:\/\/www.lauraoivanen.fi\/\" \/>\n<meta property=\"og:site_name\" content=\"Asianajotoimisto Laura Oivanen\" \/>\n<meta property=\"article:publisher\" content=\"https:\/\/www.facebook.com\/Asianajotoimisto-Laura-Oivanen-110140360496998\/\" \/>\n<meta property=\"article:modified_time\" content=\"2025-12-31T11:33:53+00:00\" \/>\n<meta property=\"og:image\" content=\"https:\/\/www.lauraoivanen.fi\/wp-content\/uploads\/2019\/12\/Scrabble-6-scaled.jpg\" \/>\n\t<meta property=\"og:image:width\" content=\"2560\" \/>\n\t<meta property=\"og:image:height\" content=\"1440\" \/>\n\t<meta property=\"og:image:type\" content=\"image\/jpeg\" \/>\n<meta name=\"twitter:card\" content=\"summary_large_image\" \/>\n<meta name=\"twitter:label1\" content=\"Arvioitu lukuaika\" \/>\n\t<meta name=\"twitter:data1\" content=\"1 minuutti\" \/>\n<script type=\"application\/ld+json\" class=\"yoast-schema-graph\">{\"@context\":\"https:\/\/schema.org\",\"@graph\":[{\"@type\":\"WebPage\",\"@id\":\"https:\/\/www.lauraoivanen.fi\/\",\"url\":\"https:\/\/www.lauraoivanen.fi\/\",\"name\":\"Asianajotoimisto Laura Oivanen | Asianajaja, varatuomari, lakimies | Lahti | Vantaa\",\"isPartOf\":{\"@id\":\"https:\/\/www.lauraoivanen.fi\/#website\"},\"primaryImageOfPage\":{\"@id\":\"https:\/\/www.lauraoivanen.fi\/#primaryimage\"},\"image\":{\"@id\":\"https:\/\/www.lauraoivanen.fi\/#primaryimage\"},\"thumbnailUrl\":\"https:\/\/www.lauraoivanen.fi\/wp-content\/uploads\/2019\/12\/Scrabble-6-1024x576.jpg\",\"datePublished\":\"2017-08-01T12:13:15+00:00\",\"dateModified\":\"2025-12-31T11:33:53+00:00\",\"description\":\"Asianajaja Lahti ja Vantaa. Asianajotoimisto Laura Oivanen palvelee yksityishenkil\u00f6it\u00e4 ja yrityksi\u00e4 kaikissa oikeudellista asiantuntemusta vaativissa asioissa.\",\"breadcrumb\":{\"@id\":\"https:\/\/www.lauraoivanen.fi\/#breadcrumb\"},\"inLanguage\":\"fi\",\"potentialAction\":[{\"@type\":\"ReadAction\",\"target\":[\"https:\/\/www.lauraoivanen.fi\/\"]}]},{\"@type\":\"ImageObject\",\"inLanguage\":\"fi\",\"@id\":\"https:\/\/www.lauraoivanen.fi\/#primaryimage\",\"url\":\"https:\/\/www.lauraoivanen.fi\/wp-content\/uploads\/2019\/12\/Scrabble-6-scaled.jpg\",\"contentUrl\":\"https:\/\/www.lauraoivanen.fi\/wp-content\/uploads\/2019\/12\/Scrabble-6-scaled.jpg\",\"width\":2560,\"height\":1440,\"caption\":\"Asianajotoimisto Laura Oivanen\"},{\"@type\":\"BreadcrumbList\",\"@id\":\"https:\/\/www.lauraoivanen.fi\/#breadcrumb\",\"itemListElement\":[{\"@type\":\"ListItem\",\"position\":1,\"name\":\"Home\",\"item\":\"https:\/\/www.lauraoivanen.fi\/\"},{\"@type\":\"ListItem\",\"position\":2,\"name\":\"Etusivu\"}]},{\"@type\":\"WebSite\",\"@id\":\"https:\/\/www.lauraoivanen.fi\/#website\",\"url\":\"https:\/\/www.lauraoivanen.fi\/\",\"name\":\"Asianajotoimisto Laura Oivanen\",\"description\":\"\",\"potentialAction\":[{\"@type\":\"SearchAction\",\"target\":{\"@type\":\"EntryPoint\",\"urlTemplate\":\"https:\/\/www.lauraoivanen.fi\/?s={search_term_string}\"},\"query-input\":{\"@type\":\"PropertyValueSpecification\",\"valueRequired\":true,\"valueName\":\"search_term_string\"}}],\"inLanguage\":\"fi\"}]}<\/script>\n<!-- \/ Yoast SEO plugin. -->","yoast_head_json":{"title":"Asianajotoimisto Laura Oivanen | Asianajaja, varatuomari, lakimies | Lahti | Vantaa","description":"Asianajaja Lahti ja Vantaa. Asianajotoimisto Laura Oivanen palvelee yksityishenkil\u00f6it\u00e4 ja yrityksi\u00e4 kaikissa oikeudellista asiantuntemusta vaativissa asioissa.","robots":{"index":"index","follow":"follow","max-snippet":"max-snippet:-1","max-image-preview":"max-image-preview:large","max-video-preview":"max-video-preview:-1"},"canonical":"https:\/\/www.lauraoivanen.fi\/","og_locale":"fi_FI","og_type":"article","og_title":"Asianajotoimisto Laura Oivanen | Asianajaja, varatuomari, lakimies | Lahti | Vantaa","og_description":"Asianajaja Lahti ja Vantaa. Asianajotoimisto Laura Oivanen palvelee yksityishenkil\u00f6it\u00e4 ja yrityksi\u00e4 kaikissa oikeudellista asiantuntemusta vaativissa asioissa.","og_url":"https:\/\/www.lauraoivanen.fi\/","og_site_name":"Asianajotoimisto Laura Oivanen","article_publisher":"https:\/\/www.facebook.com\/Asianajotoimisto-Laura-Oivanen-110140360496998\/","article_modified_time":"2025-12-31T11:33:53+00:00","og_image":[{"width":2560,"height":1440,"url":"https:\/\/www.lauraoivanen.fi\/wp-content\/uploads\/2019\/12\/Scrabble-6-scaled.jpg","type":"image\/jpeg"}],"twitter_card":"summary_large_image","twitter_misc":{"Arvioitu lukuaika":"1 minuutti"},"schema":{"@context":"https:\/\/schema.org","@graph":[{"@type":"WebPage","@id":"https:\/\/www.lauraoivanen.fi\/","url":"https:\/\/www.lauraoivanen.fi\/","name":"Asianajotoimisto Laura Oivanen | Asianajaja, varatuomari, lakimies | Lahti | Vantaa","isPartOf":{"@id":"https:\/\/www.lauraoivanen.fi\/#website"},"primaryImageOfPage":{"@id":"https:\/\/www.lauraoivanen.fi\/#primaryimage"},"image":{"@id":"https:\/\/www.lauraoivanen.fi\/#primaryimage"},"thumbnailUrl":"https:\/\/www.lauraoivanen.fi\/wp-content\/uploads\/2019\/12\/Scrabble-6-1024x576.jpg","datePublished":"2017-08-01T12:13:15+00:00","dateModified":"2025-12-31T11:33:53+00:00","description":"Asianajaja Lahti ja Vantaa. Asianajotoimisto Laura Oivanen palvelee yksityishenkil\u00f6it\u00e4 ja yrityksi\u00e4 kaikissa oikeudellista asiantuntemusta vaativissa asioissa.","breadcrumb":{"@id":"https:\/\/www.lauraoivanen.fi\/#breadcrumb"},"inLanguage":"fi","potentialAction":[{"@type":"ReadAction","target":["https:\/\/www.lauraoivanen.fi\/"]}]},{"@type":"ImageObject","inLanguage":"fi","@id":"https:\/\/www.lauraoivanen.fi\/#primaryimage","url":"https:\/\/www.lauraoivanen.fi\/wp-content\/uploads\/2019\/12\/Scrabble-6-scaled.jpg","contentUrl":"https:\/\/www.lauraoivanen.fi\/wp-content\/uploads\/2019\/12\/Scrabble-6-scaled.jpg","width":2560,"height":1440,"caption":"Asianajotoimisto Laura Oivanen"},{"@type":"BreadcrumbList","@id":"https:\/\/www.lauraoivanen.fi\/#breadcrumb","itemListElement":[{"@type":"ListItem","position":1,"name":"Home","item":"https:\/\/www.lauraoivanen.fi\/"},{"@type":"ListItem","position":2,"name":"Etusivu"}]},{"@type":"WebSite","@id":"https:\/\/www.lauraoivanen.fi\/#website","url":"https:\/\/www.lauraoivanen.fi\/","name":"Asianajotoimisto Laura Oivanen","description":"","potentialAction":[{"@type":"SearchAction","target":{"@type":"EntryPoint","urlTemplate":"https:\/\/www.lauraoivanen.fi\/?s={search_term_string}"},"query-input":{"@type":"PropertyValueSpecification","valueRequired":true,"valueName":"search_term_string"}}],"inLanguage":"fi"}]}},"uagb_featured_image_src":{"full":false,"thumbnail":false,"medium":false,"medium_large":false,"large":false,"1536x1536":false,"2048x2048":false},"uagb_author_info":{"display_name":"admin","author_link":"https:\/\/www.lauraoivanen.fi\/index.php\/author\/admin\/"},"uagb_comment_info":0,"uagb_excerpt":"Asianajotoimisto Laura Oivanen palvelee yksityishenkil\u00f6it\u00e4 ja yrityksi\u00e4 oikeudenk\u00e4ynneiss\u00e4 ja muissa oikeudellista asiantuntemusta vaativissa asioissa 19 vuoden kokemuksella. Toimistoni sijaitsevat Lahdessa ja Vantaalla. Varaa aika alkuneuvotteluun puh 040 5508760 tai s\u00e4hk\u00f6postitse laura@lauraoivanen.fi.","_links":{"self":[{"href":"https:\/\/www.lauraoivanen.fi\/index.php\/wp-json\/wp\/v2\/pages\/10","targetHints":{"allow":["GET"]}}],"collection":[{"href":"https:\/\/www.lauraoivanen.fi\/index.php\/wp-json\/wp\/v2\/pages"}],"about":[{"href":"https:\/\/www.lauraoivanen.fi\/index.php\/wp-json\/wp\/v2\/types\/page"}],"author":[{"embeddable":true,"href":"https:\/\/www.lauraoivanen.fi\/index.php\/wp-json\/wp\/v2\/users\/1"}],"replies":[{"embeddable":true,"href":"https:\/\/www.lauraoivanen.fi\/index.php\/wp-json\/wp\/v2\/comments?post=10"}],"version-history":[{"count":24,"href":"https:\/\/www.lauraoivanen.fi\/index.php\/wp-json\/wp\/v2\/pages\/10\/revisions"}],"predecessor-version":[{"id":899,"href":"https:\/\/www.lauraoivanen.fi\/index.php\/wp-json\/wp\/v2\/pages\/10\/revisions\/899"}],"wp:attachment":[{"href":"https:\/\/www.lauraoivanen.fi\/index.php\/wp-json\/wp\/v2\/media?parent=10"}],"curies":[{"name":"wp","href":"https:\/\/api.w.org\/{rel}","templated":true}]}}